{"id":90,"date":"2019-05-18T11:04:10","date_gmt":"2019-05-18T09:04:10","guid":{"rendered":"https:\/\/zeit-fuer-ihr-tier.de\/?page_id=90"},"modified":"2021-02-12T13:32:00","modified_gmt":"2021-02-12T12:32:00","slug":"agb","status":"publish","type":"page","link":"https:\/\/zeit-fuer-ihr-tier.de\/?page_id=90","title":{"rendered":"AGB"},"content":{"rendered":"\n<p>Allgemeine Gesch\u00e4ftsbedingungen<\/p>\n\n\n\n<p>\u00a71.\u201eZeit f\u00fcr Ihr\nTier\u201c, Inhaber Natascha Eschenb\u00fcscher, \u00fcbernimmt nur die im Vertrag\nfestgelegten Leistungen. Die Erbringung der Leistungen erfolgt ausschlie\u00dflich\nzu den im Vertrag festgehaltenen Zeiten und Kosten.<\/p>\n\n\n\n<p>\u00a72. Bei Hunden ist sowohl\neine g\u00fcltige Haftpflichtversicherung, als auch eine g\u00fcltige Impfung\nVoraussetzung f\u00fcr einen Vertragsabschluss. Sowohl die Versicherungspolice, als\nauch der Impfausweis ist dem Tierbetreuer vorzulegen. Der Tierhalter hat den\nTierbetreuer \u00fcber alle Krankheiten und Auff\u00e4lligkeiten des Tieres zu\ninformieren. Auch eine betsehende L\u00e4ufigkeit einer H\u00fcndin ist dem Tierbetreuer\nsofort mitzuteilen und kann zum vor\u00fcbergehendem Ausschluss der Gruppe f\u00fchren.\nAu\u00dferdem wird der Tierhalter angehalten, den Hund entwurmen und entflohen zu\nlassen, um eine \u00dcbertragung von Parasiten auf die anderen Hunde von \u201eZeit f\u00fcr\nIhr Tier\u201c zu vermeiden. Au\u00dferdem wird der Hund grunds\u00e4tzlich an der Leine\ngef\u00fchrt. Sollte der Tierhalter Freilauf w\u00fcnschen, wird dies im Vertrag\nfestgehalten. Der Tierhalter ist sich den Risiken hierbei bewusst und haftet\nf\u00fcr alle entstandenen Sch\u00e4den vom Tier. Dem Betreuer k\u00f6nnen in diesem Fall\nkeine rechtlichen Anspr\u00fcche geltend gemacht werden.<\/p>\n\n\n\n<p>\u00a73. F\u00fcr entstandene Sch\u00e4den\nvom Tier haftet grunds\u00e4tzlich der Tierhalter. \u201eZeit f\u00fcr Ihr Tier\u201c \u00fcbernimmt\nlediglich Sch\u00e4den, die durch akute Sorgfaltsvernachl\u00e4ssigung des Tierpflegers\nin der Betreuungszeit entstanden sind. Hierf\u00fcr wurde eine eigens abgestimmte\nBetriebshaftpflicht bei der Zurich Versicherung abgeschlossen. F\u00fcr Sch\u00e4den, die\ndas Tier am Eigentum von \u201eZeit f\u00fcr Ihr Tier\u201c verursacht haftet der Tierhalter\nmit seiner privaten Haftpflichtversicherung.<\/p>\n\n\n\n<p>\u00a74. Es wird von \u201eZeit f\u00fcr Ihr\nTier\u201c keine Garantie f\u00fcr die Gesundheit der Tiere \u00fcbernommen. F\u00fcr den Fall\neiner Krankheit oder eines Unfalls des Tieres, wird es vom Tierbetreuer zum\nbehandelnden Tierarzt des Tierhalters gebracht. Sollte dieser nicht erreichbar\nsein, kann der Tierbetreuer selbst eine Vertretung w\u00e4hlen. Der Tierhalter oder\ndessen vertraglich festgehaltene Vertretung wird vorher informiert. Sollte\nniemand erreichbar sein, beh\u00e4lt sich der Tierbetreuer vor, trotzdem einen\nTierarzt aufzusuchen. Alle entstandenen Tierarztkosten, Geb\u00fchren f\u00fcr Rezepte\nbzw. Medikamente, der Anfahrtsweg und die Wartezeit des Betreuers zahlt allein\nder Tierhalter. Bei eintreten des Todes des Tieres wird es beim Tierarzt\naufbewahrt, bis der Kunde entscheiden kann, was weiter mit dem Tier geschieht.<\/p>\n\n\n\n<p>\u00a75. Der Tierhalter ist\ndazu verpflichtet alle notwendigen Arbeitsmaterialien zur Verf\u00fcgung zu stellen.\nAlle notwendigen Schl\u00fcssel sind rechtzeitig an den Tierbetreuer auszuh\u00e4ndigen.\nIm Gegenzug verpflichtet sich der Tierbetreuer nach der Betreuung alles\nordentlich zu hinterlassen und alle anvertrauten Gegenst\u00e4nde ordnungsgem\u00e4\u00df\nwieder an den Tierhalter auszuh\u00e4ndigen. Sollten w\u00e4hrend der Betreuung Kosten\nentstehen (z.B. f\u00fcr Futter), werden diese dem Tierhalter in Rechnung gestellt. <\/p>\n\n\n\n<p>\u00a76. Sollte es zu Ausf\u00e4llen\naus Krankheitsgr\u00fcnden oder \u00e4hnlichem kommen, k\u00f6nnen alle Betreuungen\nkurzfristig abgesagt werden. Es bestehen in diesem Fall keine Anspr\u00fcche auf\nLeistung oder Schadensersatz zwischen den Parteien. Sollte es w\u00e4hrend einer\nBetreuung zu Ausf\u00e4llen kommen, verpflichtet sich \u201eZeit f\u00fcr Ihr Tier\u201c einen\nad\u00e4quaten Ersatz zur Verf\u00fcgung zu stellen. Sollte es beim Tierhalter zur\nVerl\u00e4ngerung der Betreuungszeit kommen, hat dieser den Tierbetreuer\nunverz\u00fcglich zu informieren. Die entstandenen Mehrkosten werden dem Tierhalter\nin Rechnung gestellt. <\/p>\n\n\n\n<p>\u00a77. \u201eZeit f\u00fcr Ihr Tier\u201c\nbeh\u00e4lt sich vor, die Betreuung der Tiere nach eigenem Ermessen abzubrechen.\nSowohl der Tierhalter, als auch der Tierbetreuer haben das Recht auf\nau\u00dferordentliche K\u00fcndigung des Vertrages.<\/p>\n\n\n\n<p>\u00a78. Das vereinbarte Entgeld\nwird entweder vor Betreuungsbeginn in bar gezahlt oder nach Betreuungsende\ndurch \u00dcberweisung binnen einer Woche nach Rechnungserhalt \u00fcberwiesen. Bei\nmonatlichen Buchungen von \u201eZeit f\u00fcr Ihr Tier\u201c wird das Entgeld jeweils zum\nMonatsende gezahlt. Eine Zahlung per EC Karte ist aus technischen Gr\u00fcnden\nleider nicht m\u00f6glich.<\/p>\n\n\n\n<p>\u00a79. Die Daten des Tierhalters\nwerden in der Kartei von \u201eZeit f\u00fcr Ihr Tier\u201c aufgenommen und nicht an Dritte\nweiter gegeben. Ausgeschlossen hiervon sind Tier\u00e4rzte, die im Notfall\naufgesucht werden und alle n\u00f6tigen Tier und Tierhalterdaten bekommen. Auf Grund\nder neuen Datenschutzverordnung weisen wir darauf hin, dass die Telefonnummer\ndes Tierhalters auf dem Mobiltelefon gespeichert werden, hierdurch erhalten die\ngenutzten sozialen Medien wie Whatsapp, Facebook und Google, zugriff auf die,\nauf dem Mobilger\u00e4t, gespeicherten Daten.<\/p>\n\n\n\n<p>\u00a710. Es gelten alle Gesetze,\nRechte und Pflichten des BGB und Tierschutzgesetzes. Sofern eine AGB hiervon\nunwirksam ist, bleiben alle \u00fcbrigen Bestimmungen unber\u00fchrt. Die AGB\u00b4s gelten\nebenso bei einem besorgten Ersatz- Tierbetreuer.<\/p>\n\n\n\n<p>\u00a711. Die Stornierung gebuchter\nTermine wird wie folgt berechnet:<\/p>\n\n\n\n<ul class=\"wp-block-list\"><li>Vier Monate bis\n30 Tage vor dem ersten Termin: 20% <a>der Betreuungskosten<\/a><\/li><li>29 bis 22 Tage:\n35% der Betreuungskosten<\/li><li>21 bis 15 Tage:\n50% der Betreuungskosten<\/li><li>14 Tage bis einen\nTag: 75% der Betreuungskosten<\/li><li>Unter 24 Stunden\n100% der Betreuungskosten<\/li><li>bis vier Monate\nvor dem ersten Termin ist pauschal eine Bearbeitungsgeb\u00fchr in H\u00f6he von 15\u20ac\nf\u00e4llig.<\/li><\/ul>\n\n\n\n<p>\u00a712. &nbsp;Einzeltermine die nicht mindestens 24 Stunden\nvorher abgesagt werden, werden zu 100% berechnet. Am Wochenende sowie Sonn- und\nFeiertags werden Die Gassi-Termine mit 50% Aufschlag berechnet.<\/p>\n\n\n\n<p>Stand: Mai 2019<\/p>\n","protected":false},"excerpt":{"rendered":"<p>Allgemeine Gesch\u00e4ftsbedingungen \u00a71.\u201eZeit f\u00fcr Ihr Tier\u201c, Inhaber Natascha Eschenb\u00fcscher, \u00fcbernimmt nur die im Vertrag festgelegten Leistungen. Die Erbringung der Leistungen erfolgt ausschlie\u00dflich zu den im Vertrag festgehaltenen Zeiten und Kosten. \u00a72. Bei Hunden ist sowohl eine g\u00fcltige Haftpflichtversicherung, als auch &hellip; <a href=\"https:\/\/zeit-fuer-ihr-tier.de\/?page_id=90\">Weiterlesen <span class=\"meta-nav\">&rarr;<\/span><\/a><\/p>\n","protected":false},"author":3,"featured_media":0,"parent":0,"menu_order":1001,"comment_status":"closed","ping_status":"closed","template":"","meta":{"footnotes":""},"class_list":["post-90","page","type-page","status-publish","hentry"],"_links":{"self":[{"href":"https:\/\/zeit-fuer-ihr-tier.de\/index.php?rest_route=\/wp\/v2\/pages\/90","targetHints":{"allow":["GET"]}}],"collection":[{"href":"https:\/\/zeit-fuer-ihr-tier.de\/index.php?rest_route=\/wp\/v2\/pages"}],"about":[{"href":"https:\/\/zeit-fuer-ihr-tier.de\/index.php?rest_route=\/wp\/v2\/types\/page"}],"author":[{"embeddable":true,"href":"https:\/\/zeit-fuer-ihr-tier.de\/index.php?rest_route=\/wp\/v2\/users\/3"}],"replies":[{"embeddable":true,"href":"https:\/\/zeit-fuer-ihr-tier.de\/index.php?rest_route=%2Fwp%2Fv2%2Fcomments&post=90"}],"version-history":[{"count":1,"href":"https:\/\/zeit-fuer-ihr-tier.de\/index.php?rest_route=\/wp\/v2\/pages\/90\/revisions"}],"predecessor-version":[{"id":91,"href":"https:\/\/zeit-fuer-ihr-tier.de\/index.php?rest_route=\/wp\/v2\/pages\/90\/revisions\/91"}],"wp:attachment":[{"href":"https:\/\/zeit-fuer-ihr-tier.de\/index.php?rest_route=%2Fwp%2Fv2%2Fmedia&parent=90"}],"curies":[{"name":"wp","href":"https:\/\/api.w.org\/{rel}","templated":true}]}}