{"id":23,"date":"2016-05-31T15:18:48","date_gmt":"2016-05-31T13:18:48","guid":{"rendered":"http:\/\/zeit-fuer-ihr-tier.de\/?page_id=23"},"modified":"2023-08-27T21:20:28","modified_gmt":"2023-08-27T19:20:28","slug":"katzen","status":"publish","type":"page","link":"https:\/\/zeit-fuer-ihr-tier.de\/?page_id=23","title":{"rendered":"Katzen"},"content":{"rendered":"<h1><strong>Katzenbetreuung bei Ihnen vor Ort:<\/strong><\/h1>\n<h1>pro Betreuung 15,40 \u20ac<\/h1>\n<h1>Fahrtkostenpauschale: 0,50 \u20ac\/ gefahrenen km<\/h1>\n<h1>Inkl. geltender MwSt.<\/h1>\n<h1>In der Betreuung sind f\u00fcttern und das S\u00e4ubern des Katzenklos enthalten.<\/h1>\n<h1>Au\u00dferdem werden Streicheleinheiten, die Besch\u00e4ftigung mit dem Tier und das K\u00e4mmen mit angeboten.<\/h1>\n<h1>L\u00fcften, das Leeren des Briefkastens und das Gie\u00dfen Ihrer Blumen (im Haus, im normalen Umfang) geh\u00f6rt selbstverst\u00e4ndlich auch immer mit dazu!<\/h1>\n<h2>Die angegebenen Preise sind Richtpreise, die sich auf jeweils auf eine Betreuung pro Tag beziehen und k\u00f6nnen je nach Tieraufkommen variieren.<\/h2>\n<h2>Inkl. geltender Mwst.<\/h2>\n","protected":false},"excerpt":{"rendered":"<p>Katzenbetreuung bei Ihnen vor Ort: pro Betreuung 15,40 \u20ac Fahrtkostenpauschale: 0,50 \u20ac\/ gefahrenen km Inkl. geltender MwSt. In der Betreuung sind f\u00fcttern und das S\u00e4ubern des Katzenklos enthalten. Au\u00dferdem werden Streicheleinheiten, die Besch\u00e4ftigung mit dem Tier und das K\u00e4mmen mit &hellip; <a href=\"https:\/\/zeit-fuer-ihr-tier.de\/?page_id=23\">Weiterlesen <span class=\"meta-nav\">&rarr;<\/span><\/a><\/p>\n","protected":false},"author":3,"featured_media":0,"parent":19,"menu_order":32,"comment_status":"closed","ping_status":"closed","template":"","meta":{"footnotes":""},"class_list":["post-23","page","type-page","status-publish","hentry"],"_links":{"self":[{"href":"https:\/\/zeit-fuer-ihr-tier.de\/index.php?rest_route=\/wp\/v2\/pages\/23","targetHints":{"allow":["GET"]}}],"collection":[{"href":"https:\/\/zeit-fuer-ihr-tier.de\/index.php?rest_route=\/wp\/v2\/pages"}],"about":[{"href":"https:\/\/zeit-fuer-ihr-tier.de\/index.php?rest_route=\/wp\/v2\/types\/page"}],"author":[{"embeddable":true,"href":"https:\/\/zeit-fuer-ihr-tier.de\/index.php?rest_route=\/wp\/v2\/users\/3"}],"replies":[{"embeddable":true,"href":"https:\/\/zeit-fuer-ihr-tier.de\/index.php?rest_route=%2Fwp%2Fv2%2Fcomments&post=23"}],"version-history":[{"count":7,"href":"https:\/\/zeit-fuer-ihr-tier.de\/index.php?rest_route=\/wp\/v2\/pages\/23\/revisions"}],"predecessor-version":[{"id":156,"href":"https:\/\/zeit-fuer-ihr-tier.de\/index.php?rest_route=\/wp\/v2\/pages\/23\/revisions\/156"}],"up":[{"embeddable":true,"href":"https:\/\/zeit-fuer-ihr-tier.de\/index.php?rest_route=\/wp\/v2\/pages\/19"}],"wp:attachment":[{"href":"https:\/\/zeit-fuer-ihr-tier.de\/index.php?rest_route=%2Fwp%2Fv2%2Fmedia&parent=23"}],"curies":[{"name":"wp","href":"https:\/\/api.w.org\/{rel}","templated":true}]}}