{"id":11,"date":"2016-05-31T15:09:23","date_gmt":"2016-05-31T13:09:23","guid":{"rendered":"http:\/\/zeit-fuer-ihr-tier.de\/?page_id=11"},"modified":"2022-10-03T02:41:27","modified_gmt":"2022-10-03T00:41:27","slug":"ueber-mich","status":"publish","type":"page","link":"https:\/\/zeit-fuer-ihr-tier.de\/?page_id=11","title":{"rendered":"\u00dcber Mich"},"content":{"rendered":"<p>Ein freundliches Hallo an alle Tierbesitzer!<\/p>\r\n<p>Mein Name ist Natascha Eschenb\u00fcscher, ich wohne mit meinem Mann in Leichlingen-Witzhelden.<\/p>\r\n<p>Ich bin gelernte Tierheilpraktikerin und Tierphysiotherapeutin und arbeite jetzt schon seit vielen Jahren mit Tieren. In dieser Zeit konnte ich viel Erfahrungen mit Hunden und Katzen, s\u00e4mtlichen Kleintieren, V\u00f6geln und auch Reptilien sammeln. Au\u00dferdem sitze ich seit dem 11. Lebensjahr auf dem Pferder\u00fccken und bin sowohl mit den Tieren, als auch mit der anfallenden Stallarbeit und Pflege bestens vertraut.<\/p>\r\n<h1><img loading=\"lazy\" decoding=\"async\" class=\"alignleft\" src=\"http:\/\/zeit-fuer-ihr-tier.de\/images\/MN0U3446.JPG\" alt=\"\" width=\"270\" height=\"399\" border=\"0\" \/><\/h1>\r\n<p>Durch verschiedene Seminare, wie \u201eErste Hilfe am Tier\u201c, \u201eSachkunde Pferd\u201c, \u201eSachkunde Hund\u201c oder \u201eV\u00f6gel und Heimtiere\u201c konnte ich mein Wissen noch vertiefen und nun in der Praxis anwenden.<\/p>\r\n<p>Im Jahr 2011 gr\u00fcndete Katja Vo\u00df die Firma Zeit -f\u00fcr-ihr-Tier.<\/p>\r\n<p>Seit Juni 2014 bin auch ich ganz f\u00fcr Sie und Ihre Tiere da.<\/p>\r\n<p>Durch die Zusammenarbeit entstand mehr Flexibilit\u00e4t und Sicherheit f\u00fcr Sie als Kunden. Somit konnten wir noch mehr Tiere betreuen, damit Sie als Besitzer bedenkenlos Ihren Urlaub genie\u00dfen k\u00f6nnen.<\/p>\r\n<p>Ich freue mich sehr, k\u00fcnftig f\u00fcr Sie und Ihr Tier da zu sein und Ihre individuellen W\u00fcnsche zu erf\u00fcllen!\u00a0<\/p>\r\n\r\n<p>&nbsp;<\/p>\r\n","protected":false},"excerpt":{"rendered":"<p>Ein freundliches Hallo an alle Tierbesitzer! Mein Name ist Natascha Eschenb\u00fcscher, ich wohne mit meinem Mann in Leichlingen-Witzhelden. Ich bin gelernte Tierheilpraktikerin und Tierphysiotherapeutin und arbeite jetzt schon seit vielen Jahren mit Tieren. In dieser Zeit konnte ich viel Erfahrungen &hellip; <a href=\"https:\/\/zeit-fuer-ihr-tier.de\/?page_id=11\">Weiterlesen <span class=\"meta-nav\">&rarr;<\/span><\/a><\/p>\n","protected":false},"author":3,"featured_media":0,"parent":0,"menu_order":10,"comment_status":"closed","ping_status":"closed","template":"","meta":{"footnotes":""},"class_list":["post-11","page","type-page","status-publish","hentry"],"_links":{"self":[{"href":"https:\/\/zeit-fuer-ihr-tier.de\/index.php?rest_route=\/wp\/v2\/pages\/11","targetHints":{"allow":["GET"]}}],"collection":[{"href":"https:\/\/zeit-fuer-ihr-tier.de\/index.php?rest_route=\/wp\/v2\/pages"}],"about":[{"href":"https:\/\/zeit-fuer-ihr-tier.de\/index.php?rest_route=\/wp\/v2\/types\/page"}],"author":[{"embeddable":true,"href":"https:\/\/zeit-fuer-ihr-tier.de\/index.php?rest_route=\/wp\/v2\/users\/3"}],"replies":[{"embeddable":true,"href":"https:\/\/zeit-fuer-ihr-tier.de\/index.php?rest_route=%2Fwp%2Fv2%2Fcomments&post=11"}],"version-history":[{"count":6,"href":"https:\/\/zeit-fuer-ihr-tier.de\/index.php?rest_route=\/wp\/v2\/pages\/11\/revisions"}],"predecessor-version":[{"id":149,"href":"https:\/\/zeit-fuer-ihr-tier.de\/index.php?rest_route=\/wp\/v2\/pages\/11\/revisions\/149"}],"wp:attachment":[{"href":"https:\/\/zeit-fuer-ihr-tier.de\/index.php?rest_route=%2Fwp%2Fv2%2Fmedia&parent=11"}],"curies":[{"name":"wp","href":"https:\/\/api.w.org\/{rel}","templated":true}]}}